{"id":509,"date":"2024-05-07T22:09:45","date_gmt":"2024-05-08T03:09:45","guid":{"rendered":"https:\/\/shoppingwomens.com\/?post_type=product&#038;p=509"},"modified":"2024-05-08T11:47:28","modified_gmt":"2024-05-08T16:47:28","slug":"removedor-de-maquillaje-2","status":"publish","type":"product","link":"https:\/\/shoppingwomens.com\/?product=removedor-de-maquillaje-2","title":{"rendered":"REMOVEDOR DE MAQUILLAJE"},"content":{"rendered":"<ul>\n<li data-sourcepos=\"9:1-9:174\"><strong>Beneficios:<\/strong> Describir\u00e9 los beneficios principales del desmaquillante, como su capacidad para eliminar maquillaje a prueba de agua, su efecto hidratante, calmante, etc.<\/li>\n<li data-sourcepos=\"10:1-10:171\"><strong>Tipo de piel:<\/strong> Te indicar\u00e9 si el desmaquillante est\u00e1 recomendado para todo tipo de piel, o si est\u00e1 especialmente formulado para pieles sensibles, grasas, secas, etc.<\/li>\n<li data-sourcepos=\"11:1-11:111\"><strong>Modo de uso:<\/strong> Te explicar\u00e9 c\u00f3mo usar el desmaquillante correctamente para obtener los mejores resultados.<\/li>\n<\/ul>\n","protected":false},"excerpt":{"rendered":"<ul>\n<li data-sourcepos=\"9:1-9:174\"><strong>Beneficios:<\/strong> Describir\u00e9 los beneficios principales del desmaquillante, como su capacidad para eliminar maquillaje a prueba de agua, su efecto hidratante, calmante, etc.<\/li>\n<li data-sourcepos=\"10:1-10:171\"><strong>Tipo de piel:<\/strong> Te indicar\u00e9 si el desmaquillante est\u00e1 recomendado para todo tipo de piel, o si est\u00e1 especialmente formulado para pieles sensibles, grasas, secas, etc.<\/li>\n<li data-sourcepos=\"11:1-11:111\"><strong>Modo de uso:<\/strong> Te explicar\u00e9 c\u00f3mo usar el desmaquillante correctamente para obtener los mejores resultados.<\/li>\n<\/ul>\n","protected":false},"featured_media":406,"comment_status":"open","ping_status":"closed","template":"","meta":{"_joinchat":[]},"product_brand":[],"product_cat":[19],"product_tag":[],"class_list":{"0":"post-509","1":"product","2":"type-product","3":"status-publish","4":"has-post-thumbnail","6":"product_cat-cuidado-facial","8":"first","9":"instock","10":"shipping-taxable","11":"purchasable","12":"product-type-simple"},"_links":{"self":[{"href":"https:\/\/shoppingwomens.com\/index.php?rest_route=\/wp\/v2\/product\/509","targetHints":{"allow":["GET"]}}],"collection":[{"href":"https:\/\/shoppingwomens.com\/index.php?rest_route=\/wp\/v2\/product"}],"about":[{"href":"https:\/\/shoppingwomens.com\/index.php?rest_route=\/wp\/v2\/types\/product"}],"replies":[{"embeddable":true,"href":"https:\/\/shoppingwomens.com\/index.php?rest_route=%2Fwp%2Fv2%2Fcomments&post=509"}],"version-history":[{"count":3,"href":"https:\/\/shoppingwomens.com\/index.php?rest_route=\/wp\/v2\/product\/509\/revisions"}],"predecessor-version":[{"id":516,"href":"https:\/\/shoppingwomens.com\/index.php?rest_route=\/wp\/v2\/product\/509\/revisions\/516"}],"wp:featuredmedia":[{"embeddable":true,"href":"https:\/\/shoppingwomens.com\/index.php?rest_route=\/wp\/v2\/media\/406"}],"wp:attachment":[{"href":"https:\/\/shoppingwomens.com\/index.php?rest_route=%2Fwp%2Fv2%2Fmedia&parent=509"}],"wp:term":[{"taxonomy":"product_brand","embeddable":true,"href":"https:\/\/shoppingwomens.com\/index.php?rest_route=%2Fwp%2Fv2%2Fproduct_brand&post=509"},{"taxonomy":"product_cat","embeddable":true,"href":"https:\/\/shoppingwomens.com\/index.php?rest_route=%2Fwp%2Fv2%2Fproduct_cat&post=509"},{"taxonomy":"product_tag","embeddable":true,"href":"https:\/\/shoppingwomens.com\/index.php?rest_route=%2Fwp%2Fv2%2Fproduct_tag&post=509"}],"curies":[{"name":"wp","href":"https:\/\/api.w.org\/{rel}","templated":true}]}}