{"id":505,"date":"2024-05-07T22:07:06","date_gmt":"2024-05-08T03:07:06","guid":{"rendered":"https:\/\/shoppingwomens.com\/?post_type=product&#038;p=505"},"modified":"2024-05-07T22:12:35","modified_gmt":"2024-05-08T03:12:35","slug":"bandas-para-puntos-negros-sadoer","status":"publish","type":"product","link":"https:\/\/shoppingwomens.com\/?product=bandas-para-puntos-negros-sadoer","title":{"rendered":"BANDAS PARA PUNTOS NEGROS &#8211; SADOER"},"content":{"rendered":"<p data-sourcepos=\"3:1-3:50\"><strong>\u00bfQu\u00e9 son las Bandas para Puntos Negros Sadoer?<\/strong><\/p>\n<p data-sourcepos=\"5:1-5:440\">Las Bandas para Puntos Negros Sadoer son un producto para el cuidado de la piel dise\u00f1ado para eliminar los puntos negros, la suciedad y el aceite de la nariz y el \u00e1rea circundante. Las bandas est\u00e1n hechas de un material similar a un papel que est\u00e1 impregnado con un adhesivo suave. Cuando se aplica la banda en la piel h\u00fameda, el adhesivo se adhiere a los puntos negros, la suciedad y el aceite, y luego se retira la banda para eliminarlos.<\/p>\n","protected":false},"excerpt":{"rendered":"<p data-sourcepos=\"3:1-3:50\"><strong>\u00bfQu\u00e9 son las Bandas para Puntos Negros Sadoer?<\/strong><\/p>\n<p data-sourcepos=\"5:1-5:440\">Las Bandas para Puntos Negros Sadoer son un producto para el cuidado de la piel dise\u00f1ado para eliminar los puntos negros, la suciedad y el aceite de la nariz y el \u00e1rea circundante. Las bandas est\u00e1n hechas de un material similar a un papel que est\u00e1 impregnado con un adhesivo suave. Cuando se aplica la banda en la piel h\u00fameda, el adhesivo se adhiere a los puntos negros, la suciedad y el aceite, y luego se retira la banda para eliminarlos.<\/p>\n","protected":false},"featured_media":409,"comment_status":"open","ping_status":"closed","template":"","meta":{"_joinchat":[]},"product_brand":[],"product_cat":[19],"product_tag":[],"class_list":{"0":"post-505","1":"product","2":"type-product","3":"status-publish","4":"has-post-thumbnail","6":"product_cat-cuidado-facial","8":"first","9":"instock","10":"shipping-taxable","11":"product-type-simple"},"_links":{"self":[{"href":"https:\/\/shoppingwomens.com\/index.php?rest_route=\/wp\/v2\/product\/505","targetHints":{"allow":["GET"]}}],"collection":[{"href":"https:\/\/shoppingwomens.com\/index.php?rest_route=\/wp\/v2\/product"}],"about":[{"href":"https:\/\/shoppingwomens.com\/index.php?rest_route=\/wp\/v2\/types\/product"}],"replies":[{"embeddable":true,"href":"https:\/\/shoppingwomens.com\/index.php?rest_route=%2Fwp%2Fv2%2Fcomments&post=505"}],"version-history":[{"count":1,"href":"https:\/\/shoppingwomens.com\/index.php?rest_route=\/wp\/v2\/product\/505\/revisions"}],"predecessor-version":[{"id":506,"href":"https:\/\/shoppingwomens.com\/index.php?rest_route=\/wp\/v2\/product\/505\/revisions\/506"}],"wp:featuredmedia":[{"embeddable":true,"href":"https:\/\/shoppingwomens.com\/index.php?rest_route=\/wp\/v2\/media\/409"}],"wp:attachment":[{"href":"https:\/\/shoppingwomens.com\/index.php?rest_route=%2Fwp%2Fv2%2Fmedia&parent=505"}],"wp:term":[{"taxonomy":"product_brand","embeddable":true,"href":"https:\/\/shoppingwomens.com\/index.php?rest_route=%2Fwp%2Fv2%2Fproduct_brand&post=505"},{"taxonomy":"product_cat","embeddable":true,"href":"https:\/\/shoppingwomens.com\/index.php?rest_route=%2Fwp%2Fv2%2Fproduct_cat&post=505"},{"taxonomy":"product_tag","embeddable":true,"href":"https:\/\/shoppingwomens.com\/index.php?rest_route=%2Fwp%2Fv2%2Fproduct_tag&post=505"}],"curies":[{"name":"wp","href":"https:\/\/api.w.org\/{rel}","templated":true}]}}