{"id":501,"date":"2024-05-07T22:00:38","date_gmt":"2024-05-08T03:00:38","guid":{"rendered":"https:\/\/shoppingwomens.com\/?post_type=product&#038;p=501"},"modified":"2024-05-08T11:49:28","modified_gmt":"2024-05-08T16:49:28","slug":"kit-skin-care-acido-hialuronico-zhiduo","status":"publish","type":"product","link":"https:\/\/shoppingwomens.com\/?product=kit-skin-care-acido-hialuronico-zhiduo","title":{"rendered":"KIT &#8211; SKIN CARE &#8211; \u00c1CIDO HIALURONICO &#8211; ZHIDUO"},"content":{"rendered":"<p data-sourcepos=\"5:1-5:25\"><strong>\u00bfQu\u00e9 contiene el kit?<\/strong><\/p>\n<p data-sourcepos=\"7:1-7:175\">Los productos espec\u00edficos del Kit Facial de \u00c1cido Hialur\u00f3nico\u00a0 pueden variar ligeramente seg\u00fan la formulaci\u00f3n particular, pero algunos de los productos comunes incluyen:<\/p>\n<ul data-sourcepos=\"9:1-15:0\">\n<li data-sourcepos=\"10:1-10:124\"><strong>T\u00f3nico facial:<\/strong> Prepara la piel para los siguientes pasos del cuidado de la piel y ayuda a equilibrar el pH de la piel.<\/li>\n<li data-sourcepos=\"11:1-11:260\"><strong>Suero facial de \u00e1cido hialur\u00f3nico:<\/strong> Contiene una alta concentraci\u00f3n de \u00e1cido hialur\u00f3nico y otros ingredientes hidratantes que penetran profundamente en la piel para hidratar intensamente, rellenar la piel y reducir la apariencia de l\u00edneas finas y arrugas.<\/li>\n<li data-sourcepos=\"12:1-12:142\"><strong>Crema facial de \u00e1cido hialur\u00f3nico:<\/strong> Hidrata la piel, rellena las l\u00edneas finas y arrugas, y deja la piel con un aspecto m\u00e1s firme y terso.<\/li>\n<li data-sourcepos=\"14:1-15:0\"><strong>Mascarilla facial de \u00e1cido hialur\u00f3nico:<\/strong> Hidrata intensamente la piel, la rellena y la deja revitalizada y con un aspecto m\u00e1s joven.<\/li>\n<\/ul>\n","protected":false},"excerpt":{"rendered":"<p>El <strong>Kit Facial de \u00c1cido Hialur\u00f3nico ZHIDUO<\/strong>\u00a0es un conjunto de productos para el cuidado de la piel que contiene \u00e1cido hialur\u00f3nico y otros ingredientes para hidratar intensamente, rellenar la piel y reducir la apariencia de l\u00edneas finas y arrugas.<\/p>\n","protected":false},"featured_media":417,"comment_status":"open","ping_status":"closed","template":"","meta":{"_joinchat":[]},"product_brand":[],"product_cat":[32,19],"product_tag":[],"class_list":{"0":"post-501","1":"product","2":"type-product","3":"status-publish","4":"has-post-thumbnail","6":"product_cat-kits-cuidado-coporal","7":"product_cat-cuidado-facial","9":"first","10":"instock","11":"shipping-taxable","12":"purchasable","13":"product-type-simple"},"_links":{"self":[{"href":"https:\/\/shoppingwomens.com\/index.php?rest_route=\/wp\/v2\/product\/501","targetHints":{"allow":["GET"]}}],"collection":[{"href":"https:\/\/shoppingwomens.com\/index.php?rest_route=\/wp\/v2\/product"}],"about":[{"href":"https:\/\/shoppingwomens.com\/index.php?rest_route=\/wp\/v2\/types\/product"}],"replies":[{"embeddable":true,"href":"https:\/\/shoppingwomens.com\/index.php?rest_route=%2Fwp%2Fv2%2Fcomments&post=501"}],"version-history":[{"count":1,"href":"https:\/\/shoppingwomens.com\/index.php?rest_route=\/wp\/v2\/product\/501\/revisions"}],"predecessor-version":[{"id":502,"href":"https:\/\/shoppingwomens.com\/index.php?rest_route=\/wp\/v2\/product\/501\/revisions\/502"}],"wp:featuredmedia":[{"embeddable":true,"href":"https:\/\/shoppingwomens.com\/index.php?rest_route=\/wp\/v2\/media\/417"}],"wp:attachment":[{"href":"https:\/\/shoppingwomens.com\/index.php?rest_route=%2Fwp%2Fv2%2Fmedia&parent=501"}],"wp:term":[{"taxonomy":"product_brand","embeddable":true,"href":"https:\/\/shoppingwomens.com\/index.php?rest_route=%2Fwp%2Fv2%2Fproduct_brand&post=501"},{"taxonomy":"product_cat","embeddable":true,"href":"https:\/\/shoppingwomens.com\/index.php?rest_route=%2Fwp%2Fv2%2Fproduct_cat&post=501"},{"taxonomy":"product_tag","embeddable":true,"href":"https:\/\/shoppingwomens.com\/index.php?rest_route=%2Fwp%2Fv2%2Fproduct_tag&post=501"}],"curies":[{"name":"wp","href":"https:\/\/api.w.org\/{rel}","templated":true}]}}