{"id":496,"date":"2024-05-07T21:54:46","date_gmt":"2024-05-08T02:54:46","guid":{"rendered":"https:\/\/shoppingwomens.com\/?post_type=product&#038;p=496"},"modified":"2024-05-07T21:54:46","modified_gmt":"2024-05-08T02:54:46","slug":"kit-skin-care-acido-hialuronico-bioaqua","status":"publish","type":"product","link":"https:\/\/shoppingwomens.com\/?product=kit-skin-care-acido-hialuronico-bioaqua","title":{"rendered":"KIT &#8211; SKIN CARE &#8211; \u00c1CIDO HIALURONICO &#8211; BIOAQUA"},"content":{"rendered":"<p data-sourcepos=\"7:1-7:53\">El kit generalmente incluye los siguientes productos:<\/p>\n<ul data-sourcepos=\"9:1-15:0\">\n<li data-sourcepos=\"9:1-9:84\"><strong>Jab\u00f3n facial:<\/strong> Limpia la piel y elimina la suciedad, el aceite y el maquillaje.<\/li>\n<li data-sourcepos=\"10:1-10:124\"><strong>T\u00f3nico facial:<\/strong> Prepara la piel para los siguientes pasos del cuidado de la piel y ayuda a equilibrar el pH de la piel.<\/li>\n<li data-sourcepos=\"13:1-13:100\"><strong>Crema para el contorno de ojos:<\/strong> Hidrata y reduce la hinchaz\u00f3n y las ojeras debajo de los ojos.<\/li>\n<li data-sourcepos=\"14:1-15:0\"><strong>Mascarilla facial de \u00e1cido hialur\u00f3nico:<\/strong> Hidrata intensamente la piel, la rellena y la deja revitalizada y con un aspecto m\u00e1s joven.<\/li>\n<\/ul>\n","protected":false},"excerpt":{"rendered":"<p>El <strong>Kit Facial de \u00c1cido Hialur\u00f3nico Bioaqua<\/strong> es un conjunto de productos para el cuidado de la piel que contiene \u00e1cido hialur\u00f3nico y otros ingredientes para hidratar intensamente, rellenar la piel y reducir la apariencia de l\u00edneas finas y arrugas.<\/p>\n","protected":false},"featured_media":429,"comment_status":"open","ping_status":"closed","template":"","meta":{"_joinchat":[]},"product_brand":[],"product_cat":[32,19],"product_tag":[],"class_list":{"0":"post-496","1":"product","2":"type-product","3":"status-publish","4":"has-post-thumbnail","6":"product_cat-kits-cuidado-coporal","7":"product_cat-cuidado-facial","9":"first","10":"instock","11":"shipping-taxable","12":"purchasable","13":"product-type-simple"},"_links":{"self":[{"href":"https:\/\/shoppingwomens.com\/index.php?rest_route=\/wp\/v2\/product\/496","targetHints":{"allow":["GET"]}}],"collection":[{"href":"https:\/\/shoppingwomens.com\/index.php?rest_route=\/wp\/v2\/product"}],"about":[{"href":"https:\/\/shoppingwomens.com\/index.php?rest_route=\/wp\/v2\/types\/product"}],"replies":[{"embeddable":true,"href":"https:\/\/shoppingwomens.com\/index.php?rest_route=%2Fwp%2Fv2%2Fcomments&post=496"}],"version-history":[{"count":2,"href":"https:\/\/shoppingwomens.com\/index.php?rest_route=\/wp\/v2\/product\/496\/revisions"}],"predecessor-version":[{"id":498,"href":"https:\/\/shoppingwomens.com\/index.php?rest_route=\/wp\/v2\/product\/496\/revisions\/498"}],"wp:featuredmedia":[{"embeddable":true,"href":"https:\/\/shoppingwomens.com\/index.php?rest_route=\/wp\/v2\/media\/429"}],"wp:attachment":[{"href":"https:\/\/shoppingwomens.com\/index.php?rest_route=%2Fwp%2Fv2%2Fmedia&parent=496"}],"wp:term":[{"taxonomy":"product_brand","embeddable":true,"href":"https:\/\/shoppingwomens.com\/index.php?rest_route=%2Fwp%2Fv2%2Fproduct_brand&post=496"},{"taxonomy":"product_cat","embeddable":true,"href":"https:\/\/shoppingwomens.com\/index.php?rest_route=%2Fwp%2Fv2%2Fproduct_cat&post=496"},{"taxonomy":"product_tag","embeddable":true,"href":"https:\/\/shoppingwomens.com\/index.php?rest_route=%2Fwp%2Fv2%2Fproduct_tag&post=496"}],"curies":[{"name":"wp","href":"https:\/\/api.w.org\/{rel}","templated":true}]}}