{"id":490,"date":"2024-05-07T21:46:47","date_gmt":"2024-05-08T02:46:47","guid":{"rendered":"https:\/\/shoppingwomens.com\/?post_type=product&#038;p=490"},"modified":"2024-05-08T11:51:29","modified_gmt":"2024-05-08T16:51:29","slug":"retinol-serum-bioqua-2","status":"publish","type":"product","link":"https:\/\/shoppingwomens.com\/?product=retinol-serum-bioqua-2","title":{"rendered":"\u00c1CIDO HIALURONICO \u2013 BIOAQUA"},"content":{"rendered":"<p>El <strong>S\u00e9rum Facial de \u00c1cido Hialur\u00f3nico Bioaqua<\/strong> es un producto para el cuidado de la piel que contiene \u00e1cido hialur\u00f3nico, un potente ingrediente hidratante, y otros ingredientes para hidratar intensamente la piel, rellenar la piel y reducir la apariencia de l\u00edneas finas y arrugas.<\/p>\n","protected":false},"excerpt":{"rendered":"<p>El <strong>S\u00e9rum Facial de \u00c1cido Hialur\u00f3nico Bioaqua<\/strong> es un producto para el cuidado de la piel que contiene \u00e1cido hialur\u00f3nico, un potente ingrediente hidratante, y otros ingredientes para hidratar intensamente la piel, rellenar la piel y reducir la apariencia de l\u00edneas finas y arrugas.<\/p>\n","protected":false},"featured_media":444,"comment_status":"open","ping_status":"closed","template":"","meta":{"_joinchat":[]},"product_brand":[],"product_cat":[19],"product_tag":[],"class_list":{"0":"post-490","1":"product","2":"type-product","3":"status-publish","4":"has-post-thumbnail","6":"product_cat-cuidado-facial","8":"first","9":"instock","10":"shipping-taxable","11":"purchasable","12":"product-type-simple"},"_links":{"self":[{"href":"https:\/\/shoppingwomens.com\/index.php?rest_route=\/wp\/v2\/product\/490","targetHints":{"allow":["GET"]}}],"collection":[{"href":"https:\/\/shoppingwomens.com\/index.php?rest_route=\/wp\/v2\/product"}],"about":[{"href":"https:\/\/shoppingwomens.com\/index.php?rest_route=\/wp\/v2\/types\/product"}],"replies":[{"embeddable":true,"href":"https:\/\/shoppingwomens.com\/index.php?rest_route=%2Fwp%2Fv2%2Fcomments&post=490"}],"version-history":[{"count":3,"href":"https:\/\/shoppingwomens.com\/index.php?rest_route=\/wp\/v2\/product\/490\/revisions"}],"predecessor-version":[{"id":504,"href":"https:\/\/shoppingwomens.com\/index.php?rest_route=\/wp\/v2\/product\/490\/revisions\/504"}],"wp:featuredmedia":[{"embeddable":true,"href":"https:\/\/shoppingwomens.com\/index.php?rest_route=\/wp\/v2\/media\/444"}],"wp:attachment":[{"href":"https:\/\/shoppingwomens.com\/index.php?rest_route=%2Fwp%2Fv2%2Fmedia&parent=490"}],"wp:term":[{"taxonomy":"product_brand","embeddable":true,"href":"https:\/\/shoppingwomens.com\/index.php?rest_route=%2Fwp%2Fv2%2Fproduct_brand&post=490"},{"taxonomy":"product_cat","embeddable":true,"href":"https:\/\/shoppingwomens.com\/index.php?rest_route=%2Fwp%2Fv2%2Fproduct_cat&post=490"},{"taxonomy":"product_tag","embeddable":true,"href":"https:\/\/shoppingwomens.com\/index.php?rest_route=%2Fwp%2Fv2%2Fproduct_tag&post=490"}],"curies":[{"name":"wp","href":"https:\/\/api.w.org\/{rel}","templated":true}]}}