{"id":390,"date":"2024-05-07T21:10:41","date_gmt":"2024-05-08T02:10:41","guid":{"rendered":"https:\/\/shoppingwomens.com\/?post_type=product&#038;p=390"},"modified":"2024-05-08T11:53:28","modified_gmt":"2024-05-08T16:53:28","slug":"kit-skin-care-rosas-bioqua","status":"publish","type":"product","link":"https:\/\/shoppingwomens.com\/?product=kit-skin-care-rosas-bioqua","title":{"rendered":"KIT- SKIN CARE &#8211; ROSAS-BIOQUA"},"content":{"rendered":"<p data-sourcepos=\"16:1-16:17\"><strong>\u00bfC\u00f3mo se usa?<\/strong><\/p>\n<p data-sourcepos=\"18:1-18:82\">El Kit de \u00e1cido hialur\u00f3nico de rosas de Bioaqua contiene los siguientes productos:<\/p>\n<ul data-sourcepos=\"20:1-25:0\">\n<li data-sourcepos=\"20:1-20:83\"><strong><span class=\"citation-6 entailed\" tabindex=\"0\" role=\"button\">Limpiador:<\/span><\/strong><span class=\"citation-6 entailed citation-end-6\" tabindex=\"0\" role=\"button\"> Limpia la piel y elimina la suciedad y el maquillaje.<\/span><\/li>\n<li data-sourcepos=\"21:1-21:79\"><strong>T\u00f3nico:<\/strong> Prepara la piel para los siguientes pasos del cuidado de la piel.<\/li>\n<li data-sourcepos=\"22:1-22:125\"><strong>S\u00e9rum:<\/strong> Contiene una alta concentraci\u00f3n de \u00e1cido hialur\u00f3nico y extracto de rosas. Se aplica sobre la piel limpia y seca.<\/li>\n<li data-sourcepos=\"23:1-23:77\"><strong>Crema hidratante:<\/strong> <span class=\"citation-7 entailed citation-end-7\" tabindex=\"0\" role=\"button\">Hidrata la piel y la deja suave y tersa.<\/span><\/li>\n<li data-sourcepos=\"24:1-25:0\"><strong>Mascarilla para ojos:<\/strong> Reduce las ojeras y la hinchaz\u00f3n debajo de los ojos.<\/li>\n<\/ul>\n","protected":false},"excerpt":{"rendered":"<p data-sourcepos=\"3:1-3:20\"><strong>\u00bfPara qu\u00e9 sirve?<\/strong><\/p>\n<p data-sourcepos=\"5:1-5:67\">El Kit de \u00e1cido hialur\u00f3nico de rosas de Bioaqua est\u00e1 dise\u00f1ado para:<\/p>\n<ul data-sourcepos=\"7:1-11:0\">\n<li data-sourcepos=\"7:1-7:141\"><strong><span class=\"citation-2 entailed\" tabindex=\"0\" role=\"button\">Hidratar la piel:<\/span><\/strong><span class=\"citation-2 entailed citation-end-2\" tabindex=\"0\" role=\"button\"> El \u00e1cido hialur\u00f3nico atrae y retiene la humedad en la piel, lo que ayuda a mantenerla hidratada y tersa.<\/span><\/li>\n<li data-sourcepos=\"8:1-8:146\"><strong><span class=\"citation-3 entailed\" tabindex=\"0\" role=\"button\">Reducir las l\u00edneas finas y arrugas:<\/span><\/strong><span class=\"citation-3 entailed citation-end-3\" tabindex=\"0\" role=\"button\"> El \u00e1cido hialur\u00f3nico tambi\u00e9n puede ayudar a reducir la aparici\u00f3n de l\u00edneas finas y arrugas.<\/span><\/li>\n<li data-sourcepos=\"9:1-9:90\"><strong><span class=\"citation-4 entailed\" tabindex=\"0\" role=\"button\">Arrojar la piel:<\/span><\/strong><span class=\"citation-4 entailed citation-end-4\" tabindex=\"0\" role=\"button\"> El extracto de rosas ayuda a calmar e irritar la piel.<\/span><\/li>\n<li data-sourcepos=\"10:1-11:0\"><strong>Mejorar la elasticidad de la piel:<\/strong> El \u00e1cido hialur\u00f3nico y el extracto de rosas pueden ayudar a mejorar la elasticidad de la piel.<\/li>\n<\/ul>\n<p data-sourcepos=\"12:1-12:39\"><strong>\u00bfPara qu\u00e9 tipo de piel es adecuado?<\/strong><\/p>\n<p data-sourcepos=\"14:1-14:131\"><span class=\"citation-5 entailed citation-end-5 interactive-span-hovered\" tabindex=\"0\" role=\"button\">El Kit de \u00e1cido hialur\u00f3nico de rosas de Bioaqua es adecuado para todo tipo de piel, incluso para las pieles sensibles.<\/span><\/p>\n","protected":false},"featured_media":391,"comment_status":"open","ping_status":"closed","template":"","meta":{"_joinchat":[]},"product_brand":[],"product_cat":[32,19],"product_tag":[],"class_list":{"0":"post-390","1":"product","2":"type-product","3":"status-publish","4":"has-post-thumbnail","6":"product_cat-kits-cuidado-coporal","7":"product_cat-cuidado-facial","9":"first","10":"instock","11":"shipping-taxable","12":"purchasable","13":"product-type-simple"},"_links":{"self":[{"href":"https:\/\/shoppingwomens.com\/index.php?rest_route=\/wp\/v2\/product\/390","targetHints":{"allow":["GET"]}}],"collection":[{"href":"https:\/\/shoppingwomens.com\/index.php?rest_route=\/wp\/v2\/product"}],"about":[{"href":"https:\/\/shoppingwomens.com\/index.php?rest_route=\/wp\/v2\/types\/product"}],"replies":[{"embeddable":true,"href":"https:\/\/shoppingwomens.com\/index.php?rest_route=%2Fwp%2Fv2%2Fcomments&post=390"}],"version-history":[{"count":1,"href":"https:\/\/shoppingwomens.com\/index.php?rest_route=\/wp\/v2\/product\/390\/revisions"}],"predecessor-version":[{"id":468,"href":"https:\/\/shoppingwomens.com\/index.php?rest_route=\/wp\/v2\/product\/390\/revisions\/468"}],"wp:featuredmedia":[{"embeddable":true,"href":"https:\/\/shoppingwomens.com\/index.php?rest_route=\/wp\/v2\/media\/391"}],"wp:attachment":[{"href":"https:\/\/shoppingwomens.com\/index.php?rest_route=%2Fwp%2Fv2%2Fmedia&parent=390"}],"wp:term":[{"taxonomy":"product_brand","embeddable":true,"href":"https:\/\/shoppingwomens.com\/index.php?rest_route=%2Fwp%2Fv2%2Fproduct_brand&post=390"},{"taxonomy":"product_cat","embeddable":true,"href":"https:\/\/shoppingwomens.com\/index.php?rest_route=%2Fwp%2Fv2%2Fproduct_cat&post=390"},{"taxonomy":"product_tag","embeddable":true,"href":"https:\/\/shoppingwomens.com\/index.php?rest_route=%2Fwp%2Fv2%2Fproduct_tag&post=390"}],"curies":[{"name":"wp","href":"https:\/\/api.w.org\/{rel}","templated":true}]}}