{"id":289,"date":"2024-02-28T13:59:08","date_gmt":"2024-02-28T18:59:08","guid":{"rendered":"https:\/\/shoppingwomens.com\/?post_type=product&#038;p=289"},"modified":"2024-03-26T22:18:24","modified_gmt":"2024-03-27T03:18:24","slug":"removedor-de-maquillaje","status":"publish","type":"product","link":"https:\/\/shoppingwomens.com\/?product=removedor-de-maquillaje","title":{"rendered":"REMOVEDOR DE MAQUILLAJE"},"content":{"rendered":"<p data-sourcepos=\"1:1-1:382\">El desmaquillante tiene como funci\u00f3n principal <strong>eliminar el maquillaje del rostro<\/strong>, incluyendo productos a prueba de agua y de larga duraci\u00f3n. Adem\u00e1s de retirar el maquillaje, tambi\u00e9n <strong>limpia la piel<\/strong> de impurezas, polvo, grasa y sudor acumulados durante el d\u00eda. Esto es esencial para mantener una piel sana y prevenir la aparici\u00f3n de acn\u00e9, puntos negros y otras imperfecciones.<\/p>\n<p data-sourcepos=\"3:1-3:38\"><strong>Beneficios de usar desmaquillante:<\/strong><\/p>\n<ul data-sourcepos=\"5:1-9:0\">\n<li data-sourcepos=\"5:1-5:118\"><strong>Limpieza profunda:<\/strong>\u00a0Elimina el maquillaje y las impurezas de la piel, permitiendo que respire y se oxigene mejor.<\/li>\n<li data-sourcepos=\"6:1-6:132\"><strong>Previene el acn\u00e9:<\/strong>\u00a0Al eliminar la grasa y la suciedad de los poros, se reduce el riesgo de que se obstruyan y aparezcan granos.<\/li>\n<li data-sourcepos=\"7:1-7:191\"><strong>Evita el envejecimiento prematuro:<\/strong>\u00a0La limpieza profunda ayuda a eliminar las c\u00e9lulas muertas y a mantener la piel hidratada, lo que reduce la aparici\u00f3n de l\u00edneas de expresi\u00f3n y arrugas.<\/li>\n<li data-sourcepos=\"8:1-9:0\"><strong>Mejora la absorci\u00f3n de otros productos:<\/strong>\u00a0Cuando la piel est\u00e1 limpia, los productos faciales como cremas, t\u00f3nicos y serums se absorben mejor.<\/li>\n<\/ul>\n","protected":false},"excerpt":{"rendered":"<div class=\"co8aDb\" role=\"heading\" aria-level=\"3\"><b>Este producto te brindar\u00e1 cinco\u00a0beneficios\u00a0en una sola pasada:<\/b><\/div>\n<div class=\"RqBzHd\">\n<ul class=\"i8Z77e\">\n<li class=\"TrT0Xe\">Limpia.<\/li>\n<li class=\"TrT0Xe\">Desmaquilla.<\/li>\n<li class=\"TrT0Xe\">Matifica.<\/li>\n<li class=\"TrT0Xe\">Equilibra.<\/li>\n<li class=\"TrT0Xe\">Suaviza.<\/li>\n<\/ul>\n<\/div>\n","protected":false},"featured_media":385,"comment_status":"open","ping_status":"closed","template":"","meta":{"_joinchat":[]},"product_brand":[],"product_cat":[25],"product_tag":[],"class_list":{"0":"post-289","1":"product","2":"type-product","3":"status-publish","4":"has-post-thumbnail","6":"product_cat-maquillaje","8":"first","9":"instock","10":"shipping-taxable","11":"purchasable","12":"product-type-simple"},"_links":{"self":[{"href":"https:\/\/shoppingwomens.com\/index.php?rest_route=\/wp\/v2\/product\/289","targetHints":{"allow":["GET"]}}],"collection":[{"href":"https:\/\/shoppingwomens.com\/index.php?rest_route=\/wp\/v2\/product"}],"about":[{"href":"https:\/\/shoppingwomens.com\/index.php?rest_route=\/wp\/v2\/types\/product"}],"replies":[{"embeddable":true,"href":"https:\/\/shoppingwomens.com\/index.php?rest_route=%2Fwp%2Fv2%2Fcomments&post=289"}],"version-history":[{"count":3,"href":"https:\/\/shoppingwomens.com\/index.php?rest_route=\/wp\/v2\/product\/289\/revisions"}],"predecessor-version":[{"id":294,"href":"https:\/\/shoppingwomens.com\/index.php?rest_route=\/wp\/v2\/product\/289\/revisions\/294"}],"wp:featuredmedia":[{"embeddable":true,"href":"https:\/\/shoppingwomens.com\/index.php?rest_route=\/wp\/v2\/media\/385"}],"wp:attachment":[{"href":"https:\/\/shoppingwomens.com\/index.php?rest_route=%2Fwp%2Fv2%2Fmedia&parent=289"}],"wp:term":[{"taxonomy":"product_brand","embeddable":true,"href":"https:\/\/shoppingwomens.com\/index.php?rest_route=%2Fwp%2Fv2%2Fproduct_brand&post=289"},{"taxonomy":"product_cat","embeddable":true,"href":"https:\/\/shoppingwomens.com\/index.php?rest_route=%2Fwp%2Fv2%2Fproduct_cat&post=289"},{"taxonomy":"product_tag","embeddable":true,"href":"https:\/\/shoppingwomens.com\/index.php?rest_route=%2Fwp%2Fv2%2Fproduct_tag&post=289"}],"curies":[{"name":"wp","href":"https:\/\/api.w.org\/{rel}","templated":true}]}}